{"id":722,"date":"2026-03-18T10:31:02","date_gmt":"2026-03-18T09:31:02","guid":{"rendered":"https:\/\/www.aedos.it\/?page_id=722"},"modified":"2026-03-19T09:58:34","modified_gmt":"2026-03-19T08:58:34","slug":"il-team","status":"publish","type":"page","link":"https:\/\/www.aedos.it\/?page_id=722","title":{"rendered":"Il Team"},"content":{"rendered":"<p>[et_pb_section fb_built=&#8221;1&#8243; admin_label=&#8221;Blog&#8221; _builder_version=&#8221;4.27.5&#8243; _module_preset=&#8221;default&#8221; background_color=&#8221;#1c005b&#8221; background_enable_mask_style=&#8221;on&#8221; background_mask_style=&#8221;honeycomb&#8221; background_mask_color=&#8221;#8e8e8e&#8221; background_mask_size=&#8221;custom&#8221; background_mask_width=&#8221;100%&#8221; background_mask_height=&#8221;33%&#8221; collapsed=&#8221;on&#8221; global_colors_info=&#8221;{}&#8221;][et_pb_row custom_padding_last_edited=&#8221;on|desktop&#8221; _builder_version=&#8221;4.27.5&#8243; _module_preset=&#8221;default&#8221; background_enable_color=&#8221;off&#8221; custom_padding=&#8221;60px|60px|60px|60px|true|true&#8221; custom_padding_tablet=&#8221;30px|30px|30px|30px|true|true&#8221; custom_padding_phone=&#8221;20px|20px|20px|20px|true|true&#8221; global_colors_info=&#8221;{%22gcid-b74eef71-a268-4efe-841b-c8ec143deee4%22:%91%22background_color%22%93}&#8221;][et_pb_column type=&#8221;4_4&#8243; _builder_version=&#8221;4.22.1&#8243; _module_preset=&#8221;default&#8221; global_colors_info=&#8221;{}&#8221;][et_pb_text _builder_version=&#8221;4.23.1&#8243; _module_preset=&#8221;143997c6-e4e7-4bd6-bd7c-875f6a0e7fd9&#8243; text_orientation=&#8221;center&#8221; global_colors_info=&#8221;{}&#8221;]<\/p>\n<h1><span style=\"color: #ffffff\">Professionisti della logica, narratori dell&#8217;innovazione.<\/span><\/h1>\n<p>[\/et_pb_text][et_pb_text _builder_version=&#8221;4.27.5&#8243; _module_preset=&#8221;default&#8221; global_colors_info=&#8221;{}&#8221;]<\/p>\n<p style=\"text-align: center\"><span style=\"color: #ffffff\">La forza di Aedos \u00e8 dovuta ai professionisti preparati e multidisciplinari in grado di fornire un\u2019assistenza trasversale a 360 gradi al cliente, trovando sempre la soluzione migliore per il suo business. Crediamo fermamente che la professionalit\u00e0, la flessibilit\u00e0 e la capacit\u00e0 di lavorare in team siano le caratteristiche essenziali per lavorare bene e fornire al cliente un servizio altamente soddisfacente e corrispondente alle sue richieste.<\/span><\/p>\n<p>[\/et_pb_text][et_pb_button button_url=&#8221;@ET-DC@eyJkeW5hbWljIjp0cnVlLCJjb250ZW50IjoicG9zdF9saW5rX3VybF9wYWdlIiwic2V0dGluZ3MiOnsicG9zdF9pZCI6IjQ0MiIsImVuYWJsZV9odG1sIjoib2ZmIn19@&#8221; url_new_window=&#8221;on&#8221; button_text=&#8221;Contatta un esperto&#8221; button_alignment=&#8221;center&#8221; _builder_version=&#8221;4.27.5&#8243; _dynamic_attributes=&#8221;button_url&#8221; _module_preset=&#8221;8cc2b55f-7f4a-4d9d-bf24-dd751ce2b708&#8243; button_text_color=&#8221;#ffffff&#8221; button_bg_color=&#8221;#00acea&#8221; global_colors_info=&#8221;{}&#8221;][\/et_pb_button][\/et_pb_column][\/et_pb_row][et_pb_row column_structure=&#8221;1_3,1_3,1_3&#8243; _builder_version=&#8221;4.27.5&#8243; _module_preset=&#8221;default&#8221; global_colors_info=&#8221;{}&#8221;][et_pb_column type=&#8221;1_3&#8243; _builder_version=&#8221;4.22.1&#8243; _module_preset=&#8221;default&#8221; global_colors_info=&#8221;{}&#8221;][et_pb_blurb _builder_version=&#8221;4.27.5&#8243; header_level=&#8221;h2&#8243; header_font=&#8221;Overpass|900|||||||&#8221; header_font_size=&#8221;28px&#8221; header_line_height=&#8221;1.4em&#8221; body_font=&#8221;Overpass|700|||||||&#8221; body_font_size=&#8221;15px&#8221; body_line_height=&#8221;1.8em&#8221; body_link_font=&#8221;|600|||||||&#8221; body_link_text_color=&#8221;#00b4ff&#8221; background_color=&#8221;#FFFFFF&#8221; text_orientation=&#8221;center&#8221; width=&#8221;100%&#8221; custom_padding=&#8221;20px|20px|20px|20px|true|true&#8221; hover_enabled=&#8221;0&#8243; border_radii=&#8221;on|20px|20px|20px|20px&#8221; box_shadow_style=&#8221;preset1&#8243; global_module=&#8221;728&#8243; saved_tabs=&#8221;all&#8221; locked=&#8221;off&#8221; global_colors_info=&#8221;{}&#8221; sticky_enabled=&#8221;0&#8243; title=&#8221;Sistemisti di Rete&#8221; custom_margin=&#8221;-20px||||false|false&#8221;]<\/p>\n<p data-path-to-node=\"3,0,0\" style=\"text-align: justify\">Responsabili dell&#8217;organizzazione e della virtualizzazione delle risorse hardware e software, garantendo la connettivit\u00e0 e l&#8217;efficienza dei server aziendali e dei Data Center.<\/p>\n<p>[\/et_pb_blurb][\/et_pb_column][et_pb_column type=&#8221;1_3&#8243; _builder_version=&#8221;4.22.1&#8243; _module_preset=&#8221;default&#8221; global_colors_info=&#8221;{}&#8221;][et_pb_blurb _builder_version=&#8221;4.27.5&#8243; header_level=&#8221;h2&#8243; header_font=&#8221;Overpass|900|||||||&#8221; header_font_size=&#8221;28px&#8221; header_line_height=&#8221;1.4em&#8221; body_font=&#8221;Overpass|700|||||||&#8221; body_font_size=&#8221;15px&#8221; body_line_height=&#8221;1.8em&#8221; body_link_font=&#8221;|600|||||||&#8221; body_link_text_color=&#8221;#00b4ff&#8221; background_color=&#8221;#FFFFFF&#8221; text_orientation=&#8221;center&#8221; width=&#8221;100%&#8221; custom_padding=&#8221;20px|20px|20px|20px|true|true&#8221; hover_enabled=&#8221;0&#8243; border_radii=&#8221;on|20px|20px|20px|20px&#8221; box_shadow_style=&#8221;preset1&#8243; global_module=&#8221;728&#8243; saved_tabs=&#8221;all&#8221; locked=&#8221;off&#8221; global_colors_info=&#8221;{}&#8221; sticky_enabled=&#8221;0&#8243; title=&#8221;Esperti di Cloud &amp; Virtualizzazione&#8221; custom_margin=&#8221;-20px||||false|false&#8221;]<\/p>\n<p style=\"text-align: justify\">Figure dedicata specificamente alla creazione di ambienti di elaborazione virtuali completi su singoli dispositivi, ottimizzando il TCO e la gestione del parco informatico.<\/p>\n<p>[\/et_pb_blurb][\/et_pb_column][et_pb_column type=&#8221;1_3&#8243; _builder_version=&#8221;4.22.1&#8243; _module_preset=&#8221;default&#8221; global_colors_info=&#8221;{}&#8221;][et_pb_blurb _builder_version=&#8221;4.27.5&#8243; header_level=&#8221;h2&#8243; header_font=&#8221;Overpass|900|||||||&#8221; header_font_size=&#8221;28px&#8221; header_line_height=&#8221;1.4em&#8221; body_font=&#8221;Overpass|700|||||||&#8221; body_font_size=&#8221;15px&#8221; body_line_height=&#8221;1.8em&#8221; body_link_font=&#8221;|600|||||||&#8221; body_link_text_color=&#8221;#00b4ff&#8221; background_color=&#8221;#FFFFFF&#8221; text_orientation=&#8221;center&#8221; width=&#8221;100%&#8221; custom_padding=&#8221;20px|20px|20px|20px|true|true&#8221; hover_enabled=&#8221;0&#8243; border_radii=&#8221;on|20px|20px|20px|20px&#8221; box_shadow_style=&#8221;preset1&#8243; global_module=&#8221;728&#8243; saved_tabs=&#8221;all&#8221; locked=&#8221;off&#8221; global_colors_info=&#8221;{}&#8221; sticky_enabled=&#8221;0&#8243; title=&#8221;Tecnici di Rete&#8221; custom_margin=&#8221;-20px||||false|false&#8221;]<\/p>\n<p style=\"text-align: justify\">Si occupano dell&#8217;installazione fisica e della manutenzione delle infrastrutture IT, assicurando che i sistemi di comunicazione (come SMS\/E-mail e streaming) siano sempre operativi.<\/p>\n<p>[\/et_pb_blurb][\/et_pb_column][\/et_pb_row][et_pb_row column_structure=&#8221;1_3,1_3,1_3&#8243; _builder_version=&#8221;4.22.1&#8243; _module_preset=&#8221;default&#8221; global_colors_info=&#8221;{}&#8221;][et_pb_column type=&#8221;1_3&#8243; _builder_version=&#8221;4.22.1&#8243; _module_preset=&#8221;default&#8221; global_colors_info=&#8221;{}&#8221;][et_pb_blurb title=&#8221;Data Analysts &amp; GIS Specialists&#8221; _builder_version=&#8221;4.27.5&#8243; header_level=&#8221;h2&#8243; header_font=&#8221;Overpass|900|||||||&#8221; header_font_size=&#8221;28px&#8221; header_line_height=&#8221;1.4em&#8221; body_font=&#8221;Overpass|700|||||||&#8221; body_font_size=&#8221;15px&#8221; body_line_height=&#8221;1.8em&#8221; body_link_font=&#8221;|600|||||||&#8221; body_link_text_color=&#8221;#00b4ff&#8221; background_color=&#8221;#FFFFFF&#8221; text_orientation=&#8221;center&#8221; width=&#8221;100%&#8221; custom_padding=&#8221;20px|20px|20px|20px|true|true&#8221; border_radii=&#8221;on|20px|20px|20px|20px&#8221; box_shadow_style=&#8221;preset1&#8243; locked=&#8221;off&#8221; global_colors_info=&#8221;{}&#8221;]<\/p>\n<p style=\"text-align: justify\">Professionisti capaci di gestire banche dati immobiliari e analisi spaziali, essenziale per la georeferenziazione delle pratiche e la gestione delle mappe catastali.<\/p>\n<p>[\/et_pb_blurb][\/et_pb_column][et_pb_column type=&#8221;1_3&#8243; _builder_version=&#8221;4.22.1&#8243; _module_preset=&#8221;default&#8221; global_colors_info=&#8221;{}&#8221;][et_pb_blurb _builder_version=&#8221;4.27.5&#8243; header_level=&#8221;h2&#8243; header_font=&#8221;Overpass|900|||||||&#8221; header_font_size=&#8221;28px&#8221; header_line_height=&#8221;1.4em&#8221; body_font=&#8221;Overpass|700|||||||&#8221; body_font_size=&#8221;15px&#8221; body_line_height=&#8221;1.8em&#8221; body_link_font=&#8221;|600|||||||&#8221; body_link_text_color=&#8221;#00b4ff&#8221; background_color=&#8221;#FFFFFF&#8221; text_orientation=&#8221;center&#8221; width=&#8221;100%&#8221; custom_padding=&#8221;20px|20px|20px|20px|true|true&#8221; hover_enabled=&#8221;0&#8243; border_radii=&#8221;on|20px|20px|20px|20px&#8221; box_shadow_style=&#8221;preset1&#8243; global_module=&#8221;728&#8243; saved_tabs=&#8221;all&#8221; locked=&#8221;off&#8221; global_colors_info=&#8221;{}&#8221; sticky_enabled=&#8221;0&#8243; title=&#8221;Sviluppatori Web&#8221; custom_margin=&#8221;20px||||false|false&#8221;]<\/p>\n<p style=\"text-align: justify\">Fondamentali per la realizzazione di Siti Web istituzionali, portali e-commerce e Web App responsive, curando sia l&#8217;interfaccia utente che le logiche server.<\/p>\n<p>[\/et_pb_blurb][\/et_pb_column][et_pb_column type=&#8221;1_3&#8243; _builder_version=&#8221;4.22.1&#8243; _module_preset=&#8221;default&#8221; global_colors_info=&#8221;{}&#8221;][et_pb_blurb title=&#8221;Programmatori Software&#8221; _builder_version=&#8221;4.27.5&#8243; header_level=&#8221;h2&#8243; header_font=&#8221;Overpass|900|||||||&#8221; header_font_size=&#8221;28px&#8221; header_line_height=&#8221;1.4em&#8221; body_font=&#8221;Overpass|700|||||||&#8221; body_font_size=&#8221;15px&#8221; body_line_height=&#8221;1.8em&#8221; body_link_font=&#8221;|600|||||||&#8221; body_link_text_color=&#8221;#00b4ff&#8221; background_color=&#8221;#FFFFFF&#8221; text_orientation=&#8221;center&#8221; width=&#8221;100%&#8221; custom_margin=&#8221;-20px||||false|false&#8221; custom_padding=&#8221;20px|20px|20px|20px|true|true&#8221; hover_enabled=&#8221;0&#8243; border_radii=&#8221;on|20px|20px|20px|20px&#8221; box_shadow_style=&#8221;preset1&#8243; global_module=&#8221;728&#8243; saved_tabs=&#8221;all&#8221; locked=&#8221;off&#8221; global_colors_info=&#8221;{}&#8221; sticky_enabled=&#8221;0&#8243;]<\/p>\n<p style=\"text-align: justify\">Specializzati nella creazione di applicativi gestionali su misura, come quelli per la gestione dei protocolli di screening o gli archivi documentali digitali.<\/p>\n<p>[\/et_pb_blurb][\/et_pb_column][\/et_pb_row][et_pb_row column_structure=&#8221;1_3,1_3,1_3&#8243; _builder_version=&#8221;4.22.1&#8243; _module_preset=&#8221;default&#8221; global_colors_info=&#8221;{}&#8221;][et_pb_column type=&#8221;1_3&#8243; _builder_version=&#8221;4.22.1&#8243; _module_preset=&#8221;default&#8221; global_colors_info=&#8221;{}&#8221;][et_pb_blurb title=&#8221;Esperti di Cyber-Security&#8221; _builder_version=&#8221;4.27.5&#8243; header_level=&#8221;h2&#8243; header_font=&#8221;Overpass|900|||||||&#8221; header_font_size=&#8221;28px&#8221; header_line_height=&#8221;1.4em&#8221; body_font=&#8221;Overpass|700|||||||&#8221; body_font_size=&#8221;15px&#8221; body_line_height=&#8221;1.8em&#8221; body_link_font=&#8221;|600|||||||&#8221; body_link_text_color=&#8221;#00b4ff&#8221; background_color=&#8221;#FFFFFF&#8221; text_orientation=&#8221;center&#8221; width=&#8221;100%&#8221; custom_padding=&#8221;20px|20px|20px|20px|true|true&#8221; border_radii=&#8221;on|20px|20px|20px|20px&#8221; box_shadow_style=&#8221;preset1&#8243; locked=&#8221;off&#8221; global_colors_info=&#8221;{}&#8221;]<\/p>\n<p>Garantiscono la protezione proattiva dei dati personali e sensibili (come quelli sanitari o urbanistici), applicando il Codice per la sicurezza e difendendo i sistemi da minacce esterne.<\/p>\n<p>[\/et_pb_blurb][\/et_pb_column][et_pb_column type=&#8221;1_3&#8243; _builder_version=&#8221;4.22.1&#8243; _module_preset=&#8221;default&#8221; global_colors_info=&#8221;{}&#8221;][et_pb_blurb _builder_version=&#8221;4.27.5&#8243; header_level=&#8221;h2&#8243; header_font=&#8221;Overpass|900|||||||&#8221; header_font_size=&#8221;28px&#8221; header_line_height=&#8221;1.4em&#8221; body_font=&#8221;Overpass|700|||||||&#8221; body_font_size=&#8221;15px&#8221; body_line_height=&#8221;1.8em&#8221; body_link_font=&#8221;|600|||||||&#8221; body_link_text_color=&#8221;#00b4ff&#8221; background_color=&#8221;#FFFFFF&#8221; text_orientation=&#8221;center&#8221; width=&#8221;100%&#8221; custom_padding=&#8221;20px|20px|20px|20px|true|true&#8221; hover_enabled=&#8221;0&#8243; border_radii=&#8221;on|20px|20px|20px|20px&#8221; box_shadow_style=&#8221;preset1&#8243; global_module=&#8221;728&#8243; saved_tabs=&#8221;all&#8221; locked=&#8221;off&#8221; global_colors_info=&#8221;{}&#8221; sticky_enabled=&#8221;0&#8243; title=&#8221;Project Managers ICT &amp; Digital Transformation&#8221; custom_margin=&#8221;-20px||||false|false&#8221;]<\/p>\n<p>Sono i registi strategici che guidano il passaggio dalle infrastrutture analogiche ai nuovi ecosistemi digitali, assicurando che l&#8217;innovazione tecnologica si traduca in un valore concreto per l&#8217;organizzazione.<\/p>\n<p>[\/et_pb_blurb][\/et_pb_column][et_pb_column type=&#8221;1_3&#8243; _builder_version=&#8221;4.22.1&#8243; _module_preset=&#8221;default&#8221; global_colors_info=&#8221;{}&#8221;][et_pb_blurb _builder_version=&#8221;4.27.5&#8243; header_level=&#8221;h2&#8243; header_font=&#8221;Overpass|900|||||||&#8221; header_font_size=&#8221;28px&#8221; header_line_height=&#8221;1.4em&#8221; body_font=&#8221;Overpass|700|||||||&#8221; body_font_size=&#8221;15px&#8221; body_line_height=&#8221;1.8em&#8221; body_link_font=&#8221;|600|||||||&#8221; body_link_text_color=&#8221;#00b4ff&#8221; background_color=&#8221;#FFFFFF&#8221; text_orientation=&#8221;center&#8221; width=&#8221;100%&#8221; custom_padding=&#8221;20px|20px|20px|20px|true|true&#8221; hover_enabled=&#8221;0&#8243; border_radii=&#8221;on|20px|20px|20px|20px&#8221; box_shadow_style=&#8221;preset1&#8243; global_module=&#8221;728&#8243; saved_tabs=&#8221;all&#8221; locked=&#8221;off&#8221; global_colors_info=&#8221;{}&#8221; sticky_enabled=&#8221;0&#8243; title=&#8221;Consulenti Privacy &amp; GDPR&#8221; custom_margin=&#8221;-20px||||false|false&#8221;]<\/p>\n<p>Specialisti dedicati alla corretta applicazione delle policy e dei piani DPS, assicurando che ogni processo di dematerializzazione e archiviazione rispetti le normative legali vigenti.<\/p>\n<p>[\/et_pb_blurb][\/et_pb_column][\/et_pb_row][\/et_pb_section][et_pb_section fb_built=&#8221;1&#8243; admin_label=&#8221;Footer&#8221; _builder_version=&#8221;4.22.1&#8243; _module_preset=&#8221;default&#8221; background_color=&#8221;#000000&#8243; saved_tabs=&#8221;all&#8221; collapsed=&#8221;on&#8221; global_colors_info=&#8221;{%22gcid-40afeb94-f3a1-4b01-a695-ff82654e75f2%22:%91%22background_color%22%93}&#8221;][et_pb_row column_structure=&#8221;1_4,1_4,1_2&#8243; _builder_version=&#8221;4.22.1&#8243; _module_preset=&#8221;default&#8221; global_colors_info=&#8221;{}&#8221;][et_pb_column type=&#8221;1_4&#8243; _builder_version=&#8221;4.22.1&#8243; _module_preset=&#8221;default&#8221; global_colors_info=&#8221;{}&#8221;][et_pb_text _builder_version=&#8221;4.27.5&#8243; _module_preset=&#8221;845af7fa-69f5-4ba6-99a3-085a06783bc6&#8243; header_4_text_color=&#8221;#FFFFFF&#8221; custom_margin=&#8221;||10px||false|false&#8221; global_colors_info=&#8221;{}&#8221;][\/et_pb_text][et_pb_text _builder_version=&#8221;4.27.5&#8243; _dynamic_attributes=&#8221;link_option_url&#8221; _module_preset=&#8221;0c61ad68-0002-48c5-b16f-b00a48882150&#8243; text_text_color=&#8221;#FFFFFF&#8221; link_text_color=&#8221;#FFFFFF&#8221; custom_margin=&#8221;||10px||false|false&#8221; custom_margin_last_edited=&#8221;off|tablet&#8221; link_option_url=&#8221;@ET-DC@eyJkeW5hbWljIjp0cnVlLCJjb250ZW50IjoicG9zdF9saW5rX3VybF9wYWdlIiwic2V0dGluZ3MiOnsicG9zdF9pZCI6IjMwNCIsImVuYWJsZV9odG1sIjoib2ZmIn19@&#8221; global_colors_info=&#8221;{%22gcid-b74eef71-a268-4efe-841b-c8ec143deee4%22:%91%22link_text_color__hover%22%93}&#8221; link_text_color__hover_enabled=&#8221;on|hover&#8221; link_text_color__hover=&#8221;#c3e942&#8243;]<\/p>\n<p><a href=\"#\">Home<\/a><\/p>\n<p>[\/et_pb_text][et_pb_text _builder_version=&#8221;4.27.5&#8243; _dynamic_attributes=&#8221;link_option_url&#8221; _module_preset=&#8221;0c61ad68-0002-48c5-b16f-b00a48882150&#8243; text_text_color=&#8221;#FFFFFF&#8221; link_text_color=&#8221;#FFFFFF&#8221; custom_margin=&#8221;||10px||false|false&#8221; custom_margin_last_edited=&#8221;off|tablet&#8221; link_option_url=&#8221;@ET-DC@eyJkeW5hbWljIjp0cnVlLCJjb250ZW50IjoicG9zdF9saW5rX3VybF9wYWdlIiwic2V0dGluZ3MiOnsicG9zdF9pZCI6IjM5NSIsImVuYWJsZV9odG1sIjoib2ZmIn19@&#8221; global_colors_info=&#8221;{%22gcid-b74eef71-a268-4efe-841b-c8ec143deee4%22:%91%22link_text_color__hover%22%93}&#8221; link_text_color__hover=&#8221;#c3e942&#8243; link_text_color__hover_enabled=&#8221;on|hover&#8221;]<\/p>\n<p>Chi Siamo<\/p>\n<p>[\/et_pb_text][et_pb_text _builder_version=&#8221;4.27.5&#8243; _dynamic_attributes=&#8221;link_option_url&#8221; _module_preset=&#8221;0c61ad68-0002-48c5-b16f-b00a48882150&#8243; text_text_color=&#8221;#FFFFFF&#8221; link_text_color=&#8221;#FFFFFF&#8221; custom_margin=&#8221;||10px||false|false&#8221; custom_margin_last_edited=&#8221;off|tablet&#8221; link_option_url=&#8221;@ET-DC@eyJkeW5hbWljIjp0cnVlLCJjb250ZW50IjoicG9zdF9saW5rX3VybF9wYWdlIiwic2V0dGluZ3MiOnsicG9zdF9pZCI6IjExIiwiZW5hYmxlX2h0bWwiOiJvZmYifX0=@&#8221; global_colors_info=&#8221;{%22gcid-b74eef71-a268-4efe-841b-c8ec143deee4%22:%91%22link_text_color__hover%22%93}&#8221; link_text_color__hover=&#8221;#c3e942&#8243; link_text_color__hover_enabled=&#8221;on|hover&#8221;]<\/p>\n<p>Servizi ICT<\/p>\n<p>[\/et_pb_text][et_pb_text _builder_version=&#8221;4.27.5&#8243; _dynamic_attributes=&#8221;link_option_url&#8221; _module_preset=&#8221;0c61ad68-0002-48c5-b16f-b00a48882150&#8243; text_text_color=&#8221;#FFFFFF&#8221; link_text_color=&#8221;#FFFFFF&#8221; custom_margin=&#8221;||10px||false|false&#8221; custom_margin_last_edited=&#8221;off|tablet&#8221; link_option_url=&#8221;@ET-DC@eyJkeW5hbWljIjp0cnVlLCJjb250ZW50IjoicG9zdF9saW5rX3VybF9wYWdlIiwic2V0dGluZ3MiOnsicG9zdF9pZCI6IjQ3OSIsImVuYWJsZV9odG1sIjoib2ZmIn19@&#8221; global_colors_info=&#8221;{%22gcid-b74eef71-a268-4efe-841b-c8ec143deee4%22:%91%22link_text_color__hover%22%93}&#8221; link_text_color__hover=&#8221;#c3e942&#8243; link_text_color__hover_enabled=&#8221;on|hover&#8221;]<\/p>\n<p>Lavora con Noi<\/p>\n<p>[\/et_pb_text][et_pb_text _builder_version=&#8221;4.27.5&#8243; _dynamic_attributes=&#8221;link_option_url&#8221; _module_preset=&#8221;0c61ad68-0002-48c5-b16f-b00a48882150&#8243; text_text_color=&#8221;#FFFFFF&#8221; link_text_color=&#8221;#FFFFFF&#8221; custom_margin=&#8221;||10px||false|false&#8221; custom_margin_last_edited=&#8221;off|tablet&#8221; link_option_url=&#8221;@ET-DC@eyJkeW5hbWljIjp0cnVlLCJjb250ZW50IjoicG9zdF9saW5rX3VybF9wYWdlIiwic2V0dGluZ3MiOnsicG9zdF9pZCI6IjQ0MiIsImVuYWJsZV9odG1sIjoib2ZmIn19@&#8221; global_colors_info=&#8221;{%22gcid-b74eef71-a268-4efe-841b-c8ec143deee4%22:%91%22link_text_color__hover%22%93}&#8221; link_text_color__hover=&#8221;#c3e942&#8243; link_text_color__hover_enabled=&#8221;on|hover&#8221;]<\/p>\n<p>Contattaci<\/p>\n<p>[\/et_pb_text][\/et_pb_column][et_pb_column type=&#8221;1_4&#8243; _builder_version=&#8221;4.22.1&#8243; _module_preset=&#8221;default&#8221; global_colors_info=&#8221;{}&#8221;][et_pb_text _builder_version=&#8221;4.27.5&#8243; _module_preset=&#8221;845af7fa-69f5-4ba6-99a3-085a06783bc6&#8243; header_4_text_color=&#8221;#FFFFFF&#8221; custom_margin=&#8221;||10px||false|false&#8221; global_colors_info=&#8221;{}&#8221;][\/et_pb_text][et_pb_text _builder_version=&#8221;4.22.1&#8243; _module_preset=&#8221;0c61ad68-0002-48c5-b16f-b00a48882150&#8243; text_text_color=&#8221;#FFFFFF&#8221; link_text_color=&#8221;#FFFFFF&#8221; custom_margin=&#8221;||10px||false|false&#8221; custom_margin_last_edited=&#8221;off|tablet&#8221; global_colors_info=&#8221;{%22gcid-b74eef71-a268-4efe-841b-c8ec143deee4%22:%91%22link_text_color__hover%22%93}&#8221; link_text_color__hover=&#8221;#c3e942&#8243; link_text_color__hover_enabled=&#8221;on|hover&#8221;][\/et_pb_text][et_pb_text _builder_version=&#8221;4.22.1&#8243; _module_preset=&#8221;0c61ad68-0002-48c5-b16f-b00a48882150&#8243; text_text_color=&#8221;#FFFFFF&#8221; link_text_color=&#8221;#FFFFFF&#8221; custom_margin=&#8221;||10px||false|false&#8221; custom_margin_last_edited=&#8221;off|tablet&#8221; global_colors_info=&#8221;{%22gcid-b74eef71-a268-4efe-841b-c8ec143deee4%22:%91%22link_text_color__hover%22%93}&#8221; link_text_color__hover=&#8221;#c3e942&#8243; link_text_color__hover_enabled=&#8221;on|hover&#8221;][\/et_pb_text][et_pb_text _builder_version=&#8221;4.22.1&#8243; _module_preset=&#8221;0c61ad68-0002-48c5-b16f-b00a48882150&#8243; text_text_color=&#8221;#FFFFFF&#8221; link_text_color=&#8221;#FFFFFF&#8221; custom_margin=&#8221;||10px||false|false&#8221; custom_margin_last_edited=&#8221;off|tablet&#8221; global_colors_info=&#8221;{%22gcid-b74eef71-a268-4efe-841b-c8ec143deee4%22:%91%22link_text_color__hover%22%93}&#8221; link_text_color__hover=&#8221;#c3e942&#8243; link_text_color__hover_enabled=&#8221;on|hover&#8221;][\/et_pb_text][et_pb_text _builder_version=&#8221;4.22.1&#8243; _module_preset=&#8221;0c61ad68-0002-48c5-b16f-b00a48882150&#8243; text_text_color=&#8221;#FFFFFF&#8221; link_text_color=&#8221;#FFFFFF&#8221; custom_margin=&#8221;||10px||false|false&#8221; custom_margin_last_edited=&#8221;off|tablet&#8221; global_colors_info=&#8221;{%22gcid-b74eef71-a268-4efe-841b-c8ec143deee4%22:%91%22link_text_color__hover%22%93}&#8221; link_text_color__hover=&#8221;#c3e942&#8243; link_text_color__hover_enabled=&#8221;on|hover&#8221;][\/et_pb_text][et_pb_text _builder_version=&#8221;4.22.1&#8243; _module_preset=&#8221;0c61ad68-0002-48c5-b16f-b00a48882150&#8243; text_text_color=&#8221;#FFFFFF&#8221; link_text_color=&#8221;#FFFFFF&#8221; custom_margin=&#8221;||10px||false|false&#8221; custom_margin_last_edited=&#8221;off|tablet&#8221; global_colors_info=&#8221;{%22gcid-b74eef71-a268-4efe-841b-c8ec143deee4%22:%91%22link_text_color__hover%22%93}&#8221; link_text_color__hover=&#8221;#c3e942&#8243; link_text_color__hover_enabled=&#8221;on|hover&#8221;][\/et_pb_text][\/et_pb_column][et_pb_column type=&#8221;1_2&#8243; _builder_version=&#8221;4.22.1&#8243; _module_preset=&#8221;default&#8221; background_color=&#8221;gcid-b74eef71-a268-4efe-841b-c8ec143deee4&#8243; custom_padding=&#8221;40px|40px|40px|40px|true|true&#8221; custom_padding_tablet=&#8221;30px|30px|30px|30px|true|true&#8221; custom_padding_phone=&#8221;20px|20px|20px|20px|true|true&#8221; custom_padding_last_edited=&#8221;on|tablet&#8221; global_colors_info=&#8221;{%22gcid-b74eef71-a268-4efe-841b-c8ec143deee4%22:%91%22background_color%22%93}&#8221;][et_pb_text _builder_version=&#8221;4.27.5&#8243; _dynamic_attributes=&#8221;link_option_url&#8221; _module_preset=&#8221;d0e43c21-d6d1-4e03-9a85-67b1460c8fc4&#8243; header_3_text_color=&#8221;gcid-40afeb94-f3a1-4b01-a695-ff82654e75f2&#8243; link_option_url=&#8221;@ET-DC@eyJkeW5hbWljIjp0cnVlLCJjb250ZW50IjoicG9zdF9saW5rX3VybF9wYWdlIiwic2V0dGluZ3MiOnsicG9zdF9pZCI6IjQ0MiIsImVuYWJsZV9odG1sIjoib2ZmIn19@&#8221; link_option_url_new_window=&#8221;on&#8221; global_colors_info=&#8221;{%22gcid-40afeb94-f3a1-4b01-a695-ff82654e75f2%22:%91%22header_3_text_color%22%93}&#8221;]<\/p>\n<h3>Prenota una consulenza!<\/h3>\n<p>[\/et_pb_text][\/et_pb_column][\/et_pb_row][\/et_pb_section]<\/p>\n","protected":false},"excerpt":{"rendered":"<p>Professionisti della logica, narratori dell&#8217;innovazione.La forza di Aedos \u00e8 dovuta ai professionisti preparati e multidisciplinari in grado di fornire un\u2019assistenza trasversale a 360 gradi al cliente, trovando sempre la soluzione migliore per il suo business. Crediamo fermamente che la professionalit\u00e0, la flessibilit\u00e0 e la capacit\u00e0 di lavorare in team siano le caratteristiche essenziali per lavorare [&hellip;]<\/p>\n","protected":false},"author":4,"featured_media":0,"parent":0,"menu_order":0,"comment_status":"closed","ping_status":"closed","template":"","meta":{"_et_pb_use_builder":"on","_et_pb_old_content":"","_et_gb_content_width":"","footnotes":""},"class_list":["post-722","page","type-page","status-publish","hentry"],"_links":{"self":[{"href":"https:\/\/www.aedos.it\/index.php?rest_route=\/wp\/v2\/pages\/722","targetHints":{"allow":["GET"]}}],"collection":[{"href":"https:\/\/www.aedos.it\/index.php?rest_route=\/wp\/v2\/pages"}],"about":[{"href":"https:\/\/www.aedos.it\/index.php?rest_route=\/wp\/v2\/types\/page"}],"author":[{"embeddable":true,"href":"https:\/\/www.aedos.it\/index.php?rest_route=\/wp\/v2\/users\/4"}],"replies":[{"embeddable":true,"href":"https:\/\/www.aedos.it\/index.php?rest_route=%2Fwp%2Fv2%2Fcomments&post=722"}],"version-history":[{"count":8,"href":"https:\/\/www.aedos.it\/index.php?rest_route=\/wp\/v2\/pages\/722\/revisions"}],"predecessor-version":[{"id":901,"href":"https:\/\/www.aedos.it\/index.php?rest_route=\/wp\/v2\/pages\/722\/revisions\/901"}],"wp:attachment":[{"href":"https:\/\/www.aedos.it\/index.php?rest_route=%2Fwp%2Fv2%2Fmedia&parent=722"}],"curies":[{"name":"wp","href":"https:\/\/api.w.org\/{rel}","templated":true}]}}