{"id":607,"date":"2026-03-18T10:31:29","date_gmt":"2026-03-18T09:31:29","guid":{"rendered":"https:\/\/www.aedos.it\/?page_id=607"},"modified":"2026-03-18T12:24:08","modified_gmt":"2026-03-18T11:24:08","slug":"outsourcing","status":"publish","type":"page","link":"https:\/\/www.aedos.it\/?page_id=607","title":{"rendered":"Outsourcing"},"content":{"rendered":"<p>[et_pb_section fb_built=&#8221;1&#8243; admin_label=&#8221;Header&#8221; _builder_version=&#8221;4.27.5&#8243; _module_preset=&#8221;default&#8221; background_color=&#8221;#FFFFFF&#8221; collapsed=&#8221;on&#8221; global_colors_info=&#8221;{}&#8221;][et_pb_row column_structure=&#8221;3_4,1_4&#8243; _builder_version=&#8221;4.24.0&#8243; _module_preset=&#8221;default&#8221; locked=&#8221;off&#8221; global_colors_info=&#8221;{}&#8221;][et_pb_column type=&#8221;3_4&#8243; _builder_version=&#8221;4.24.0&#8243; _module_preset=&#8221;default&#8221; global_colors_info=&#8221;{}&#8221;][et_pb_text _builder_version=&#8221;4.27.5&#8243; _module_preset=&#8221;b9e5163c-5a35-41c7-94bc-4bd845bd2338&#8243; header_4_text_color=&#8221;gcid-9bb9bfe2-980a-472b-9544-d767cdb4022e&#8221; locked=&#8221;off&#8221; global_colors_info=&#8221;{%22gcid-9bb9bfe2-980a-472b-9544-d767cdb4022e%22:%91%22header_4_text_color%22%93}&#8221;]<\/p>\n<h4>Servizi<\/h4>\n<p>[\/et_pb_text][et_pb_text _builder_version=&#8221;4.24.0&#8243; _module_preset=&#8221;e95105a0-4013-4c5f-9424-7a3e2737faa1&#8243; locked=&#8221;off&#8221; global_colors_info=&#8221;{}&#8221;]<\/p>\n<h1>Outsourcing<\/h1>\n<p>[\/et_pb_text][et_pb_text _builder_version=&#8221;4.27.5&#8243; _module_preset=&#8221;4e692ded-3217-4412-b5e4-52df80be3f0c&#8221; locked=&#8221;off&#8221; global_colors_info=&#8221;{}&#8221;]<\/p>\n<p style=\"text-align: justify\">L\u2019outsourcing indica la delegazione di un incarico a una societ\u00e0 esterna, specializzata in una fase o attivit\u00e0 tipica della propria azienda, al fine di ottenere l\u2019abbattimento di costi. <span>Creiamo per il cliente\u00a0<\/span><b>piattaforme software<\/b><span>\u00a0e\u00a0<\/span><b>hardware<\/b><span> adatte alle loro necessit\u00e0 di business, occupandoci in outsourcing della gestione della stessa.\u00a0<\/span><span>Questa soluzione di esternalizzazione funzionale permette alle aziende di ottenere un prodotto idoneo a sviluppare la propria attivit\u00e0 produttiva senza necessit\u00e0 di impiegare risorse umane e conseguentemente aumentare i costi legati al personale aziendale.\u00a0<\/span><\/p>\n<p>[\/et_pb_text][\/et_pb_column][et_pb_column type=&#8221;1_4&#8243; _builder_version=&#8221;4.24.0&#8243; _module_preset=&#8221;default&#8221; global_colors_info=&#8221;{}&#8221;][et_pb_image src=&#8221;http:\/\/www.aedos.it\/wp-content\/uploads\/sites\/6\/2026\/03\/outsourcing-icona.png&#8221; title_text=&#8221;outsourcing icona&#8221; _builder_version=&#8221;4.27.5&#8243; _module_preset=&#8221;default&#8221; width=&#8221;80%&#8221; custom_margin=&#8221;80px|||50px|false|false&#8221; global_colors_info=&#8221;{}&#8221;][\/et_pb_image][\/et_pb_column][\/et_pb_row][\/et_pb_section][et_pb_section fb_built=&#8221;1&#8243; admin_label=&#8221;Call to Action&#8221; _builder_version=&#8221;4.20.0&#8243; _module_preset=&#8221;default&#8221; background_color=&#8221;gcid-36a744c3-3bc0-47a4-9493-942b5d904b59&#8243; locked=&#8221;off&#8221; collapsed=&#8221;on&#8221; global_colors_info=&#8221;{%22gcid-36a744c3-3bc0-47a4-9493-942b5d904b59%22:%91%22background_color%22%93}&#8221;][et_pb_row column_structure=&#8221;1_2,1_2&#8243; _builder_version=&#8221;4.27.5&#8243; _module_preset=&#8221;default&#8221; custom_margin=&#8221;||||false|false&#8221; global_colors_info=&#8221;{}&#8221;][et_pb_column type=&#8221;1_2&#8243; _builder_version=&#8221;4.20.0&#8243; _module_preset=&#8221;default&#8221; global_colors_info=&#8221;{}&#8221;][et_pb_image src=&#8221;http:\/\/www.aedos.it\/wp-content\/uploads\/sites\/6\/2026\/03\/outsourcing-foto.jpg&#8221; title_text=&#8221;outsourcing foto&#8221; _builder_version=&#8221;4.27.5&#8243; _module_preset=&#8221;default&#8221; width=&#8221;70%&#8221; custom_margin=&#8221;|||60px|false|false&#8221; border_radii=&#8221;on|20px|20px|20px|20px&#8221; box_shadow_style=&#8221;preset1&#8243; global_colors_info=&#8221;{}&#8221;][\/et_pb_image][\/et_pb_column][et_pb_column type=&#8221;1_2&#8243; _builder_version=&#8221;4.20.0&#8243; _module_preset=&#8221;default&#8221; global_colors_info=&#8221;{}&#8221;][et_pb_text _builder_version=&#8221;4.27.5&#8243; _module_preset=&#8221;df9537a2-fa66-45e4-bfc8-bfe79f5e094f&#8221; header_2_text_color=&#8221;#FFFFFF&#8221; custom_margin=&#8221;30px||10px||false|false&#8221; global_colors_info=&#8221;{}&#8221;]<\/p>\n<h2>Gestione outsourcing di processi aziendali complessi con personale sul posto<\/h2>\n<p>[\/et_pb_text][et_pb_text _builder_version=&#8221;4.27.5&#8243; _module_preset=&#8221;4e692ded-3217-4412-b5e4-52df80be3f0c&#8221; text_text_color=&#8221;#FFFFFF&#8221; global_colors_info=&#8221;{}&#8221;]<\/p>\n<p style=\"text-align: justify\">Noi di Aedos offriamo alle aziende sia la progettazione della piattaforma sia il personale deputato alla gestione, direttamente sul posto. Il cliente potr\u00e0 cos\u00ec disporre di risorse umane altamente specializzate nella gestione e nell\u2019utilizzo della piattaforma creata senza dover provvedere a nuove assunzioni, pagando esclusivamente la tariffa stabilita dal contratto di outsourcing. Tale modalit\u00e0 lavorativa permette di avere una enorme flessibilit\u00e0 dei lavoratori che saranno impiegati solamente durante il periodo di necessit\u00e0 o su uno specifico progetto aziendale.<\/p>\n<p>[\/et_pb_text][\/et_pb_column][\/et_pb_row][\/et_pb_section][et_pb_section fb_built=&#8221;1&#8243; admin_label=&#8221;Features&#8221; _builder_version=&#8221;4.27.5&#8243; _module_preset=&#8221;default&#8221; background_color=&#8221;#FFFFFF&#8221; overflow-x=&#8221;hidden&#8221; overflow-y=&#8221;hidden&#8221; collapsed=&#8221;on&#8221; global_colors_info=&#8221;{}&#8221;][et_pb_row column_structure=&#8221;1_2,1_2&#8243; _builder_version=&#8221;4.24.0&#8243; _module_preset=&#8221;default&#8221; global_colors_info=&#8221;{}&#8221;][et_pb_column type=&#8221;1_2&#8243; _builder_version=&#8221;4.24.0&#8243; _module_preset=&#8221;default&#8221; global_colors_info=&#8221;{}&#8221;][et_pb_text _builder_version=&#8221;4.27.5&#8243; _module_preset=&#8221;b9e5163c-5a35-41c7-94bc-4bd845bd2338&#8243; header_4_text_color=&#8221;gcid-9bb9bfe2-980a-472b-9544-d767cdb4022e&#8221; global_colors_info=&#8221;{%22gcid-9bb9bfe2-980a-472b-9544-d767cdb4022e%22:%91%22header_4_text_color%22%93}&#8221;]<\/p>\n<h4>Cosa offriamo<\/h4>\n<p>[\/et_pb_text][et_pb_text _builder_version=&#8221;4.24.0&#8243; _module_preset=&#8221;df9537a2-fa66-45e4-bfc8-bfe79f5e094f&#8221; custom_margin=&#8221;||10px||false|false&#8221; global_colors_info=&#8221;{}&#8221;]<\/p>\n<h2>Le nostre strategie di outsourcing aziendale<\/h2>\n<p>[\/et_pb_text][et_pb_accordion _builder_version=&#8221;4.27.5&#8243; _module_preset=&#8221;cc70874e-8fba-4a15-a459-224b3801f3ec&#8221; locked=&#8221;off&#8221; global_colors_info=&#8221;{%22gcid-36a744c3-3bc0-47a4-9493-942b5d904b59%22:%91%22toggle_text_color%22,%22toggle_text_color%22,%22toggle_text_color%22,%22toggle_text_color%22,%22toggle_text_color%22,%22toggle_text_color%22,%22toggle_text_color%22,%22toggle_text_color%22,%22toggle_text_color%22,%22toggle_text_color%22,%22toggle_text_color%22%93,%22gcid-9bb9bfe2-980a-472b-9544-d767cdb4022e%22:%91%22icon_color%22,%22icon_color%22,%22icon_color%22,%22icon_color%22,%22icon_color%22,%22icon_color%22,%22icon_color%22,%22icon_color%22,%22icon_color%22,%22icon_color%22,%22icon_color%22%93}&#8221; icon_color=&#8221;#7392ff&#8221; toggle_text_color=&#8221;#02447b&#8221; border_width_all=&#8221;2px&#8221; border_color_all=&#8221;rgba(0,0,0,0.08)&#8221;][et_pb_accordion_item title=&#8221;Gestione outsourcing di processi aziendali complessi su piattaforma proprietaria&#8221; open=&#8221;off&#8221; _builder_version=&#8221;4.20.0&#8243; _module_preset=&#8221;default&#8221; global_colors_info=&#8221;{}&#8221;]<\/p>\n<p style=\"text-align: justify\">Creiamo per il cliente piattaforme software e hardware complesse adatte alle loro necessit\u00e0 di business, e ci occupiamo in outsourcing della gestione della stessa. Questa soluzione di esternalizzazione funzionale permette alle aziende di ottenere un prodotto idoneo a sviluppare la propria attivit\u00e0 produttiva senza necessit\u00e0 di impiegare risorse umane e conseguentemente aumentare i costi legati al personale aziendale. Con questa soluzione si ottimizzano i costi e le prestazioni aziendali, senza <br \/>gravare sul bilancio.<\/p>\n<p>[\/et_pb_accordion_item][et_pb_accordion_item title=&#8221;Gestione outsourcing di processi aziendali complessi con personale sul posto&#8221; _builder_version=&#8221;4.20.0&#8243; _module_preset=&#8221;default&#8221; global_colors_info=&#8221;{}&#8221; open=&#8221;on&#8221;]<\/p>\n<p style=\"text-align: justify\">Con questa possibilit\u00e0 Aedos offre alle aziende sia la progettazione della piattaforma sia il personale deputato alla gestione direttamente sul posto. Il cliente potr\u00e0 cos\u00ec disporre di risorse umane altamente specializzate nella gestione e nell\u2019utilizzo della piattaforma creata senza dover provvedere a nuove, onerose assunzioni, ma pagando esclusivamente la tariffa stabilita dal contratto di outsourcing. Tale modalit\u00e0 lavorativa permette di avere una enorme flessibilit\u00e0 dei lavoratori che saranno impiegati solamente durante il periodo di necessit\u00e0 o su uno specifico progetto aziendale.<\/p>\n<p>[\/et_pb_accordion_item][\/et_pb_accordion][\/et_pb_column][et_pb_column type=&#8221;1_2&#8243; _builder_version=&#8221;4.24.0&#8243; _module_preset=&#8221;default&#8221; global_colors_info=&#8221;{}&#8221;][et_pb_image src=&#8221;http:\/\/www.aedos.it\/wp-content\/uploads\/sites\/6\/2026\/03\/outsourcing-seconda-foto.jpg&#8221; title_text=&#8221;outsourcing seconda foto&#8221; _builder_version=&#8221;4.27.5&#8243; _module_preset=&#8221;default&#8221; width=&#8221;100%&#8221; custom_margin=&#8221;|-20vw||50px|false|false&#8221; border_radii=&#8221;on|20px|20px|20px|20px&#8221; box_shadow_style=&#8221;preset1&#8243; global_colors_info=&#8221;{}&#8221;][\/et_pb_image][\/et_pb_column][\/et_pb_row][\/et_pb_section][et_pb_section fb_built=&#8221;1&#8243; admin_label=&#8221;Footer&#8221; _builder_version=&#8221;4.20.0&#8243; _module_preset=&#8221;default&#8221; background_color=&#8221;gcid-36a744c3-3bc0-47a4-9493-942b5d904b59&#8243; custom_padding=&#8221;0px||0px||true|false&#8221; saved_tabs=&#8221;all&#8221; collapsed=&#8221;on&#8221; global_colors_info=&#8221;{%22gcid-36a744c3-3bc0-47a4-9493-942b5d904b59%22:%91%22background_color%22%93}&#8221;][et_pb_row column_structure=&#8221;1_2,1_2&#8243; make_equal=&#8221;on&#8221; _builder_version=&#8221;4.24.0&#8243; _module_preset=&#8221;default&#8221; custom_padding=&#8221;0px||0px||true|false&#8221; box_shadow_style=&#8221;preset4&#8243; box_shadow_horizontal=&#8221;30vw&#8221; box_shadow_vertical=&#8221;0px&#8221; box_shadow_color=&#8221;gcid-0eab7250-4fdd-4844-910e-4c3bd4e4f2ac&#8221; global_colors_info=&#8221;{%22gcid-0eab7250-4fdd-4844-910e-4c3bd4e4f2ac%22:%91%22box_shadow_color%22%93}&#8221;][et_pb_column type=&#8221;1_2&#8243; _builder_version=&#8221;4.20.0&#8243; _module_preset=&#8221;default&#8221; custom_padding=&#8221;60px|60px|60px||true|false&#8221; custom_padding_tablet=&#8221;30px|30px|30px||true|false&#8221; custom_padding_phone=&#8221;20px|20px|20px||true|false&#8221; custom_padding_last_edited=&#8221;on|tablet&#8221; global_colors_info=&#8221;{}&#8221;][et_pb_text _builder_version=&#8221;4.27.5&#8243; _module_preset=&#8221;259bb2bd-a58d-4560-b99b-b2cea59382b1&#8243; header_3_text_color=&#8221;#FFFFFF&#8221; custom_margin=&#8221;||10px||false|false&#8221; global_colors_info=&#8221;{}&#8221;]<\/p>\n<h3>Numero Telefono<\/h3>\n<p>[\/et_pb_text][et_pb_text _builder_version=&#8221;4.27.5&#8243; _module_preset=&#8221;59761a3c-58fa-4e7b-b52c-bc2d19fcd6b7&#8243; link_text_color=&#8221;gcid-9bb9bfe2-980a-472b-9544-d767cdb4022e&#8221; header_5_text_color=&#8221;gcid-9bb9bfe2-980a-472b-9544-d767cdb4022e&#8221; global_colors_info=&#8221;{%22gcid-9bb9bfe2-980a-472b-9544-d767cdb4022e%22:%91%22header_5_text_color%22,%22link_text_color%22%93}&#8221;]<\/p>\n<h5>0662289216<\/h5>\n<p>[\/et_pb_text][et_pb_text _builder_version=&#8221;4.27.5&#8243; _module_preset=&#8221;259bb2bd-a58d-4560-b99b-b2cea59382b1&#8243; header_3_text_color=&#8221;#FFFFFF&#8221; custom_margin=&#8221;||10px||false|false&#8221; global_colors_info=&#8221;{}&#8221;]<\/p>\n<h3>Indirizzo Mail<\/h3>\n<p>[\/et_pb_text][et_pb_text _builder_version=&#8221;4.27.5&#8243; _module_preset=&#8221;59761a3c-58fa-4e7b-b52c-bc2d19fcd6b7&#8243; link_text_color=&#8221;gcid-9bb9bfe2-980a-472b-9544-d767cdb4022e&#8221; header_5_text_color=&#8221;gcid-9bb9bfe2-980a-472b-9544-d767cdb4022e&#8221; global_colors_info=&#8221;{%22gcid-9bb9bfe2-980a-472b-9544-d767cdb4022e%22:%91%22link_text_color%22,%22header_5_text_color%22%93}&#8221;]<\/p>\n<h5>info@aedos.it<\/h5>\n<p>[\/et_pb_text][et_pb_social_media_follow _builder_version=&#8221;4.27.5&#8243; _module_preset=&#8221;default&#8221; global_colors_info=&#8221;{}&#8221;][et_pb_social_media_follow_network social_network=&#8221;linkedin&#8221; url=&#8221;https:\/\/www.linkedin.com\/company\/aedos-s.r.l.\/&#8221; _builder_version=&#8221;4.27.5&#8243; _module_preset=&#8221;default&#8221; background_color=&#8221;#007bb6&#8243; global_colors_info=&#8221;{}&#8221; follow_button=&#8221;off&#8221; url_new_window=&#8221;on&#8221;]linkedin[\/et_pb_social_media_follow_network][\/et_pb_social_media_follow][\/et_pb_column][et_pb_column type=&#8221;1_2&#8243; _builder_version=&#8221;4.20.0&#8243; _module_preset=&#8221;default&#8221; background_color=&#8221;gcid-0eab7250-4fdd-4844-910e-4c3bd4e4f2ac&#8221; custom_padding=&#8221;60px||60px|60px|true|false&#8221; custom_padding_tablet=&#8221;30px||30px|30px|true|false&#8221; custom_padding_phone=&#8221;20px||20px|20px|true|false&#8221; custom_padding_last_edited=&#8221;on|tablet&#8221; global_colors_info=&#8221;{%22gcid-0eab7250-4fdd-4844-910e-4c3bd4e4f2ac%22:%91%22background_color%22%93}&#8221;][et_pb_text _builder_version=&#8221;4.27.5&#8243; _module_preset=&#8221;259bb2bd-a58d-4560-b99b-b2cea59382b1&#8243; global_colors_info=&#8221;{}&#8221;]<\/p>\n<h3>Prenota una consulenza!<\/h3>\n<p>[\/et_pb_text][et_pb_contact_form captcha=&#8221;off&#8221; _builder_version=&#8221;4.27.5&#8243; _module_preset=&#8221;78d7b194-4216-434c-b0f8-3fdf11814da6&#8243; hover_enabled=&#8221;0&#8243; locked=&#8221;off&#8221; global_colors_info=&#8221;{}&#8221; email=&#8221;info@aedos.it&#8221; sticky_enabled=&#8221;0&#8243;][et_pb_contact_field field_id=&#8221;Name&#8221; field_title=&#8221;Name&#8221; fullwidth_field=&#8221;on&#8221; _builder_version=&#8221;4.24.0&#8243; _module_preset=&#8221;default&#8221; global_colors_info=&#8221;{}&#8221; button_text_size__hover_enabled=&#8221;off&#8221; button_one_text_size__hover_enabled=&#8221;off&#8221; button_two_text_size__hover_enabled=&#8221;off&#8221; button_text_color__hover_enabled=&#8221;off&#8221; button_one_text_color__hover_enabled=&#8221;off&#8221; button_two_text_color__hover_enabled=&#8221;off&#8221; button_border_width__hover_enabled=&#8221;off&#8221; button_one_border_width__hover_enabled=&#8221;off&#8221; button_two_border_width__hover_enabled=&#8221;off&#8221; button_border_color__hover_enabled=&#8221;off&#8221; button_one_border_color__hover_enabled=&#8221;off&#8221; button_two_border_color__hover_enabled=&#8221;off&#8221; button_border_radius__hover_enabled=&#8221;off&#8221; button_one_border_radius__hover_enabled=&#8221;off&#8221; button_two_border_radius__hover_enabled=&#8221;off&#8221; button_letter_spacing__hover_enabled=&#8221;off&#8221; button_one_letter_spacing__hover_enabled=&#8221;off&#8221; button_two_letter_spacing__hover_enabled=&#8221;off&#8221; button_bg_color__hover_enabled=&#8221;off&#8221; button_one_bg_color__hover_enabled=&#8221;off&#8221; button_two_bg_color__hover_enabled=&#8221;off&#8221;][\/et_pb_contact_field][et_pb_contact_field field_id=&#8221;Email&#8221; field_title=&#8221;Email Address&#8221; field_type=&#8221;email&#8221; fullwidth_field=&#8221;on&#8221; _builder_version=&#8221;4.24.0&#8243; _module_preset=&#8221;default&#8221; global_colors_info=&#8221;{}&#8221; button_text_size__hover_enabled=&#8221;off&#8221; button_one_text_size__hover_enabled=&#8221;off&#8221; button_two_text_size__hover_enabled=&#8221;off&#8221; button_text_color__hover_enabled=&#8221;off&#8221; button_one_text_color__hover_enabled=&#8221;off&#8221; button_two_text_color__hover_enabled=&#8221;off&#8221; button_border_width__hover_enabled=&#8221;off&#8221; button_one_border_width__hover_enabled=&#8221;off&#8221; button_two_border_width__hover_enabled=&#8221;off&#8221; button_border_color__hover_enabled=&#8221;off&#8221; button_one_border_color__hover_enabled=&#8221;off&#8221; button_two_border_color__hover_enabled=&#8221;off&#8221; button_border_radius__hover_enabled=&#8221;off&#8221; button_one_border_radius__hover_enabled=&#8221;off&#8221; button_two_border_radius__hover_enabled=&#8221;off&#8221; button_letter_spacing__hover_enabled=&#8221;off&#8221; button_one_letter_spacing__hover_enabled=&#8221;off&#8221; button_two_letter_spacing__hover_enabled=&#8221;off&#8221; button_bg_color__hover_enabled=&#8221;off&#8221; button_one_bg_color__hover_enabled=&#8221;off&#8221; button_two_bg_color__hover_enabled=&#8221;off&#8221;][\/et_pb_contact_field][et_pb_contact_field field_id=&#8221;Message&#8221; field_title=&#8221;Message&#8221; field_type=&#8221;text&#8221; fullwidth_field=&#8221;on&#8221; _builder_version=&#8221;4.16&#8243; _module_preset=&#8221;default&#8221; global_colors_info=&#8221;{}&#8221; button_text_size__hover_enabled=&#8221;off&#8221; button_one_text_size__hover_enabled=&#8221;off&#8221; button_two_text_size__hover_enabled=&#8221;off&#8221; button_text_color__hover_enabled=&#8221;off&#8221; button_one_text_color__hover_enabled=&#8221;off&#8221; button_two_text_color__hover_enabled=&#8221;off&#8221; button_border_width__hover_enabled=&#8221;off&#8221; button_one_border_width__hover_enabled=&#8221;off&#8221; button_two_border_width__hover_enabled=&#8221;off&#8221; button_border_color__hover_enabled=&#8221;off&#8221; button_one_border_color__hover_enabled=&#8221;off&#8221; button_two_border_color__hover_enabled=&#8221;off&#8221; button_border_radius__hover_enabled=&#8221;off&#8221; button_one_border_radius__hover_enabled=&#8221;off&#8221; button_two_border_radius__hover_enabled=&#8221;off&#8221; button_letter_spacing__hover_enabled=&#8221;off&#8221; button_one_letter_spacing__hover_enabled=&#8221;off&#8221; button_two_letter_spacing__hover_enabled=&#8221;off&#8221; button_bg_color__hover_enabled=&#8221;off&#8221; button_one_bg_color__hover_enabled=&#8221;off&#8221; button_two_bg_color__hover_enabled=&#8221;off&#8221;][\/et_pb_contact_field][\/et_pb_contact_form][\/et_pb_column][\/et_pb_row][\/et_pb_section]<\/p>\n","protected":false},"excerpt":{"rendered":"<p>ServiziOutsourcingL\u2019outsourcing indica la delegazione di un incarico a una societ\u00e0 esterna, specializzata in una fase o attivit\u00e0 tipica della propria azienda, al fine di ottenere l\u2019abbattimento di costi. Creiamo per il cliente\u00a0piattaforme software\u00a0e\u00a0hardware adatte alle loro necessit\u00e0 di business, occupandoci in outsourcing della gestione della stessa.\u00a0Questa soluzione di esternalizzazione funzionale permette alle aziende di ottenere [&hellip;]<\/p>\n","protected":false},"author":4,"featured_media":0,"parent":0,"menu_order":0,"comment_status":"closed","ping_status":"closed","template":"","meta":{"_et_pb_use_builder":"on","_et_pb_old_content":"","_et_gb_content_width":"","footnotes":""},"class_list":["post-607","page","type-page","status-publish","hentry"],"_links":{"self":[{"href":"https:\/\/www.aedos.it\/index.php?rest_route=\/wp\/v2\/pages\/607","targetHints":{"allow":["GET"]}}],"collection":[{"href":"https:\/\/www.aedos.it\/index.php?rest_route=\/wp\/v2\/pages"}],"about":[{"href":"https:\/\/www.aedos.it\/index.php?rest_route=\/wp\/v2\/types\/page"}],"author":[{"embeddable":true,"href":"https:\/\/www.aedos.it\/index.php?rest_route=\/wp\/v2\/users\/4"}],"replies":[{"embeddable":true,"href":"https:\/\/www.aedos.it\/index.php?rest_route=%2Fwp%2Fv2%2Fcomments&post=607"}],"version-history":[{"count":7,"href":"https:\/\/www.aedos.it\/index.php?rest_route=\/wp\/v2\/pages\/607\/revisions"}],"predecessor-version":[{"id":880,"href":"https:\/\/www.aedos.it\/index.php?rest_route=\/wp\/v2\/pages\/607\/revisions\/880"}],"wp:attachment":[{"href":"https:\/\/www.aedos.it\/index.php?rest_route=%2Fwp%2Fv2%2Fmedia&parent=607"}],"curies":[{"name":"wp","href":"https:\/\/api.w.org\/{rel}","templated":true}]}}